{"id":5,"date":"2014-03-07T15:44:08","date_gmt":"2014-03-07T15:44:08","guid":{"rendered":"http:\/\/www.afonica.es\/?page_id=5"},"modified":"2025-10-09T14:07:31","modified_gmt":"2025-10-09T12:07:31","slug":"inicio","status":"publish","type":"page","link":"https:\/\/www.afonica.es\/es\/","title":{"rendered":"Obras"},"content":{"rendered":"<p style=\"text-align: left;\">Af\u00f3nica es una productora de audio especializada en ficci\u00f3n sonora y documental en castellano e ingl\u00e9s.<br \/>Varias veces Mejor productor de ficci\u00f3n sonora del Reino Unido <a href=\"http:\/\/www.afonica.es\/awards\/\">Audio Production Awards<\/a> M\u00faltiple ganadora de los <a href=\"http:\/\/www.afonica.es\/awards\/\">Premios de ficci\u00f3n sonora de la BBC<\/a><a href=\"http:\/\/www.afonica.es\/awards\/\">.<\/a> Finalista <a href=\"https:\/\/www.radioacademy.org\/arias\/\" target=\"_blank\" rel=\"noopener noreferrer\">Arias.<\/a> Gandadora bronce <a href=\"https:\/\/www.britishpodcastawards.com\/shortlist-2023\" target=\"_blank\" rel=\"noopener\">British Podcast Awards<\/a>. Finalista del <a href=\"http:\/\/www.afonica.es\/awards\/\">Prix Europa.<\/a> Bronce <a href=\"https:\/\/www.grandprixnova.ro\/\" target=\"_blank\" rel=\"noopener\">Gran Prix Nova<\/a>. Finalista <a href=\"https:\/\/www.ambies.com\/2025-winners-nominees#BestFictionPodcast\" target=\"_blank\" rel=\"noopener\">The Ambies.<\/a> Finalista <a href=\"https:\/\/www.thebookseller.com\/the-british-audio-awards\" target=\"_blank\" rel=\"noopener\">British Audio Awards (The Speakies). <\/a><\/p>","protected":false},"excerpt":{"rendered":"<p>Af\u00f3nica es una productora de audio especializada en ficci\u00f3n sonora y documental en castellano e ingl\u00e9s.Varias veces Mejor productor de ficci\u00f3n sonora del Reino Unido <a href=\"http:\/\/www.afonica.es\/awards\/\">Audio Production Awards<\/a> M\u00faltiple ganadora de los <a href=\"http:\/\/www.afonica.es\/awards\/\">Premios de ficci\u00f3n sonora de la BBC<\/a><a href=\"http:\/\/www.afonica.es\/awards\/\">.<\/a> Finalista <a href=\"https:\/\/www.radioacademy.org\/arias\/\" target=\"_blank\" rel=\"noopener noreferrer\">Arias.<\/a> Gandadora bronce <a href=\"https:\/\/www.britishpodcastawards.com\/shortlist-2023\" target=\"_blank\" rel=\"noopener\">British Podcast Awards<\/a>. Finalista del <a href=\"http:\/\/www.afonica.es\/awards\/\">Prix Europa.<\/a> Bronce <a href=\"https:\/\/www.grandprixnova.ro\/\" target=\"_blank\" rel=\"noopener\">Gran Prix Nova<\/a>. Finalista <a href=\"https:\/\/www.ambies.com\/2025-winners-nominees#BestFictionPodcast\" target=\"_blank\" rel=\"noopener\">The Ambies.<\/a> Finalista <a href=\"https:\/\/www.thebookseller.com\/the-british-audio-awards\" target=\"_blank\" rel=\"noopener\">British Audio Awards (The Speakies). <\/a>\u2026 <span class=\"read-btn\"><a class=\"read-more\" href=\"https:\/\/www.afonica.es\/es\/\">Read More &rarr;<\/a><\/span><\/p>\n","protected":false},"author":1,"featured_media":0,"parent":0,"menu_order":0,"comment_status":"open","ping_status":"open","template":"template-portfolio.php","meta":{"_mi_skip_tracking":false,"_monsterinsights_sitenote_active":false,"_monsterinsights_sitenote_note":"","_monsterinsights_sitenote_category":0,"footnotes":"","_links_to":"","_links_to_target":""},"acf":[],"_links":{"self":[{"href":"https:\/\/www.afonica.es\/es\/wp-json\/wp\/v2\/pages\/5"}],"collection":[{"href":"https:\/\/www.afonica.es\/es\/wp-json\/wp\/v2\/pages"}],"about":[{"href":"https:\/\/www.afonica.es\/es\/wp-json\/wp\/v2\/types\/page"}],"author":[{"embeddable":true,"href":"https:\/\/www.afonica.es\/es\/wp-json\/wp\/v2\/users\/1"}],"replies":[{"embeddable":true,"href":"https:\/\/www.afonica.es\/es\/wp-json\/wp\/v2\/comments?post=5"}],"version-history":[{"count":119,"href":"https:\/\/www.afonica.es\/es\/wp-json\/wp\/v2\/pages\/5\/revisions"}],"predecessor-version":[{"id":7887,"href":"https:\/\/www.afonica.es\/es\/wp-json\/wp\/v2\/pages\/5\/revisions\/7887"}],"wp:attachment":[{"href":"https:\/\/www.afonica.es\/es\/wp-json\/wp\/v2\/media?parent=5"}],"curies":[{"name":"wp","href":"https:\/\/api.w.org\/{rel}","templated":true}]}}