{"id":14,"date":"2014-03-07T15:50:30","date_gmt":"2014-03-07T15:50:30","guid":{"rendered":"http:\/\/www.afonica.es\/?page_id=14"},"modified":"2024-12-09T15:15:46","modified_gmt":"2024-12-09T14:15:46","slug":"contacto","status":"publish","type":"page","link":"https:\/\/www.afonica.es\/es\/contacto\/","title":{"rendered":"Qui\u00e9nes somos"},"content":{"rendered":"<p><span style=\"color: #808080;\"><img decoding=\"async\" loading=\"lazy\" class=\"alignleft size-medium wp-image-7704\" src=\"http:\/\/www.afonica.es\/wp-content\/uploads\/2023\/12\/DAR-120-300x200.jpg\" alt=\"\" width=\"300\" height=\"200\" \/>Director<\/span><br \/>\nNicol\u00e1s Jackson<br \/>\n<a href=\"mailto:nicolas@afonica.es\">nicolas@afonica.es<\/a><br \/>\nTel: (+34) 654 430 940<\/p>\n<p>Nicol\u00e1s sido nominado a o ganado unos 30 premios de audioficci\u00f3n de la BBC (BBC Audiodrama Awards), 6 veces seguidas mejor productor de ficci\u00f3n sonora en los Audio Production Awards del Reino Unido (patrocinados por Audible), el Prix Europa, el Gran Prix Nova, los British Podcast Awards y los Arias (Reino Unido).<\/p>\n<p>&nbsp;<\/p>\n<p><span style=\"color: #808080;\">Gerencia<\/span><br \/>\nIn\u00e9s Santiago Crespo<br \/>\n<a href=\"mailto:ines@afonica.es\">ines@afonica.es<\/a><\/p>","protected":false},"excerpt":{"rendered":"<p>Director<br \/>\nNicol\u00e1s Jackson<br \/>\n<a href=\"mailto:nicolas@afonica.es\">nicolas@afonica.es<\/a><br \/>\nTel: (+34) 654 430 940<br \/>\nNicol\u00e1s sido nominado a o ganado unos 30 premios de audioficci\u00f3n de la BBC (BBC Audiodrama Awards), 6 veces seguidas mejor productor de ficci\u00f3n sonora en los Audio Production Awards del Reino Unido (patrocinados por Audible), el Prix Europa, el Gran Prix Nova, los British Podcast Awards y los Arias (Reino Unido).<br \/>\n&nbsp;<br \/>\nGerencia<br \/>\nIn\u00e9s Santiago Crespo<br \/>\n<a href=\"mailto:ines@afonica.es\">ines@afonica.es<\/a>\u2026 <span class=\"read-btn\"><a class=\"read-more\" href=\"https:\/\/www.afonica.es\/es\/contacto\/\">Read More &rarr;<\/a><\/span><\/p>\n","protected":false},"author":1,"featured_media":0,"parent":0,"menu_order":0,"comment_status":"open","ping_status":"open","template":"template-page-with-sidebar.php","meta":{"_mi_skip_tracking":false,"_monsterinsights_sitenote_active":false,"_monsterinsights_sitenote_note":"","_monsterinsights_sitenote_category":0,"footnotes":"","_links_to":"","_links_to_target":""},"acf":[],"_links":{"self":[{"href":"https:\/\/www.afonica.es\/es\/wp-json\/wp\/v2\/pages\/14"}],"collection":[{"href":"https:\/\/www.afonica.es\/es\/wp-json\/wp\/v2\/pages"}],"about":[{"href":"https:\/\/www.afonica.es\/es\/wp-json\/wp\/v2\/types\/page"}],"author":[{"embeddable":true,"href":"https:\/\/www.afonica.es\/es\/wp-json\/wp\/v2\/users\/1"}],"replies":[{"embeddable":true,"href":"https:\/\/www.afonica.es\/es\/wp-json\/wp\/v2\/comments?post=14"}],"version-history":[{"count":38,"href":"https:\/\/www.afonica.es\/es\/wp-json\/wp\/v2\/pages\/14\/revisions"}],"predecessor-version":[{"id":7833,"href":"https:\/\/www.afonica.es\/es\/wp-json\/wp\/v2\/pages\/14\/revisions\/7833"}],"wp:attachment":[{"href":"https:\/\/www.afonica.es\/es\/wp-json\/wp\/v2\/media?parent=14"}],"curies":[{"name":"wp","href":"https:\/\/api.w.org\/{rel}","templated":true}]}}